{"id":2003,"date":"2016-06-13T10:17:34","date_gmt":"2016-06-13T08:17:34","guid":{"rendered":"http:\/\/spanishschoolsantabarbara.com\/product\/cours-intensif-20h\/"},"modified":"2025-03-19T10:31:40","modified_gmt":"2025-03-19T09:31:40","slug":"cours-intensif-20h","status":"publish","type":"product","link":"https:\/\/spanishschoolsantabarbara.com\/fr\/cours-intensif-20h\/","title":{"rendered":"Cours intensif"},"content":{"rendered":"<ul>\n<li>Orientation et accueil \u00e0 l&rsquo;\u00e9cole.<\/li>\n<li>Certificat d&rsquo;\u00e9tudes une fois le cours termin\u00e9.<\/li>\n<li>Les cours d&rsquo;espagnol ont lieu du lundi au vendredi (sauf les jours f\u00e9ri\u00e9s).<\/li>\n<li>L&rsquo;horaire sera confirm\u00e9 le premier jour de cours apr\u00e8s le test de niveau.<strong>  (de 9h00 \u00e0 13h00)<\/strong><\/li>\n<li>Test de niveau oral et \u00e9crit le premier jour de cours pour tous les \u00e9l\u00e8ves sauf les d\u00e9butants. Le test de positionnement ne fait pas partie de la p\u00e9riode de cours.<\/li>\n<li>La meilleure qualit\u00e9 et le meilleur prix garantis.<\/li>\n<li>Possibilit\u00e9 de cours en ligne et bimodaux.<\/li>\n<li>Moyenne de 7 \u00e9tudiants par classe (maximum 12).<\/li>\n<li>L&rsquo;\u00e9cole est ouverte toute l&rsquo;ann\u00e9e et tous les lundis, les cours commencent pour tous les niveaux.<\/li>\n<li>Notre grande qualit\u00e9 didactique dans l&rsquo;enseignement de l&rsquo;espagnol comme langue \u00e9trang\u00e8re.<\/li>\n<li><strong>Frais d&rsquo;inscription requis : 50 \u20ac *.<\/strong><\/li>\n<li>Livre de l&rsquo;\u00e9l\u00e8ve et cahier d&rsquo;exercices 35 \u20ac* (tous niveaux).<strong> \u00ab\u00a0Non inclus dans le cours. Doit \u00eatre achet\u00e9 au moment de l&rsquo;inscription\u00a0\u00bb.<\/strong><\/li>\n<\/ul>\n<p>* Dans le cas exceptionnel o\u00f9 il n&rsquo;y a que 1 ou 2 \u00e9tudiants de m\u00eame niveau, inscrits au cours, l&rsquo;\u00e9cole se r\u00e9serve le droit de convertir le cours en cours priv\u00e9 ou semi-priv\u00e9, en r\u00e9duisant les heures de 50%. Voir <a href=\"http:\/\/spanishschoolsantabarbara.com\/wp-content\/uploads\/2017\/02\/APPLICATION-FORM_2017.pdf\" target=\"_blank\" rel=\"noopener noreferrer\">\u00ab\u00a0conditions<\/a> g\u00e9n\u00e9rales\u00a0\u00bb.<\/p>\n<div class=\"fusion-fullwidth fullwidth-box fusion-builder-row-1 fusion-flex-container has-pattern-background has-mask-background nonhundred-percent-fullwidth non-hundred-percent-height-scrolling\" style=\"--awb-border-radius-top-left:0px;--awb-border-radius-top-right:0px;--awb-border-radius-bottom-right:0px;--awb-border-radius-bottom-left:0px;--awb-flex-wrap:wrap;\" ><div class=\"fusion-builder-row fusion-row fusion-flex-align-items-flex-start fusion-flex-content-wrap\" style=\"max-width:1331.2px;margin-left: calc(-4% \/ 2 );margin-right: calc(-4% \/ 2 );\"><div class=\"fusion-layout-column fusion_builder_column fusion-builder-column-0 fusion_builder_column_1_1 1_1 fusion-flex-column\" style=\"--awb-bg-size:cover;--awb-width-large:100%;--awb-margin-top-large:10px;--awb-spacing-right-large:1.92%;--awb-margin-bottom-large:10px;--awb-spacing-left-large:1.92%;--awb-width-medium:100%;--awb-order-medium:0;--awb-spacing-right-medium:1.92%;--awb-spacing-left-medium:1.92%;--awb-width-small:100%;--awb-order-small:0;--awb-spacing-right-small:1.92%;--awb-spacing-left-small:1.92%;\"><div class=\"fusion-column-wrapper fusion-column-has-shadow fusion-flex-justify-content-flex-start fusion-content-layout-column\"><div class=\"fusion-tabs fusion-tabs-1 classic nav-is-justified horizontal-tabs icon-position-left mobile-mode-accordion\" style=\"--awb-title-border-radius-top-left:0px;--awb-title-border-radius-top-right:0px;--awb-title-border-radius-bottom-right:0px;--awb-title-border-radius-bottom-left:0px;--awb-alignment:start;--awb-inactive-color:#ebeaea;--awb-background-color:#ffffff;--awb-border-color:#ebeaea;--awb-active-border-color:#336666;\"><div class=\"nav\"><ul class=\"nav-tabs nav-justified\" role=\"tablist\"><li class=\"active\" role=\"presentation\"><a class=\"tab-link\" data-toggle=\"tab\" role=\"tab\" aria-controls=\"tab-0bee40481bfe8bd1dab\" aria-selected=\"true\" id=\"fusion-tab-pr\u00e9a1\" href=\"#tab-0bee40481bfe8bd1dab\"><h4 class=\"fusion-tab-heading\">Pr\u00e9 A1<\/h4><\/a><\/li><li role=\"presentation\"><a class=\"tab-link\" data-toggle=\"tab\" role=\"tab\" aria-controls=\"tab-1406cd3f78f74b82a20\" aria-selected=\"false\" tabindex=\"-1\" id=\"fusion-tab-a1\" href=\"#tab-1406cd3f78f74b82a20\"><h4 class=\"fusion-tab-heading\">A1<\/h4><\/a><\/li><li role=\"presentation\"><a class=\"tab-link\" data-toggle=\"tab\" role=\"tab\" aria-controls=\"tab-a7029549846464a52e5\" aria-selected=\"false\" tabindex=\"-1\" id=\"fusion-tab-a2\" href=\"#tab-a7029549846464a52e5\"><h4 class=\"fusion-tab-heading\">A2<\/h4><\/a><\/li><li role=\"presentation\"><a class=\"tab-link\" data-toggle=\"tab\" role=\"tab\" aria-controls=\"tab-9a82d653f669ab32821\" aria-selected=\"false\" tabindex=\"-1\" id=\"fusion-tab-b1\" href=\"#tab-9a82d653f669ab32821\"><h4 class=\"fusion-tab-heading\">B1<\/h4><\/a><\/li><li role=\"presentation\"><a class=\"tab-link\" data-toggle=\"tab\" role=\"tab\" aria-controls=\"tab-aa4263500b2bf462441\" aria-selected=\"false\" tabindex=\"-1\" id=\"fusion-tab-b2\" href=\"#tab-aa4263500b2bf462441\"><h4 class=\"fusion-tab-heading\">B2<\/h4><\/a><\/li><li role=\"presentation\"><a class=\"tab-link\" data-toggle=\"tab\" role=\"tab\" aria-controls=\"tab-9eb3a919ca5f461a48e\" aria-selected=\"false\" tabindex=\"-1\" id=\"fusion-tab-c1\" href=\"#tab-9eb3a919ca5f461a48e\"><h4 class=\"fusion-tab-heading\">C1<\/h4><\/a><\/li><li role=\"presentation\"><a class=\"tab-link\" data-toggle=\"tab\" role=\"tab\" aria-controls=\"tab-b51ae45646b569cc4fc\" aria-selected=\"false\" tabindex=\"-1\" id=\"fusion-tab-c2\" href=\"#tab-b51ae45646b569cc4fc\"><h4 class=\"fusion-tab-heading\">C2<\/h4><\/a><\/li><\/ul><\/div><div class=\"tab-content\"><div class=\"nav fusion-mobile-tab-nav\"><ul class=\"nav-tabs nav-justified\" role=\"tablist\"><li class=\"active\" role=\"presentation\"><a class=\"tab-link\" data-toggle=\"tab\" role=\"tab\" aria-controls=\"tab-0bee40481bfe8bd1dab\" aria-selected=\"true\" id=\"mobile-fusion-tab-pr\u00e9a1\" href=\"#tab-0bee40481bfe8bd1dab\"><h4 class=\"fusion-tab-heading\">Pr\u00e9 A1<\/h4><\/a><\/li><\/ul><\/div><div class=\"tab-pane fade fusion-clearfix in active\" role=\"tabpanel\" tabindex=\"0\" aria-labelledby=\"fusion-tab-pr\u00e9a1\" id=\"tab-0bee40481bfe8bd1dab\">\n<p><strong><a href=\"https:\/\/spanishschoolsantabarbara.com\/wp-content\/uploads\/2024\/09\/PROGRAMACION-CURSO-PRE-A1-CURSO-A1.1.-y-CURSO-A1.2.pdf\" target=\"_blank\" rel=\"noopener\">COURS DE PROGRAMMATION PRE A1, COURS A1.1 et COURS A1.2 <\/a><\/strong><\/p>\n<\/div><div class=\"nav fusion-mobile-tab-nav\"><ul class=\"nav-tabs nav-justified\" role=\"tablist\"><li role=\"presentation\"><a class=\"tab-link\" data-toggle=\"tab\" role=\"tab\" aria-controls=\"tab-1406cd3f78f74b82a20\" aria-selected=\"false\" tabindex=\"-1\" id=\"mobile-fusion-tab-a1\" href=\"#tab-1406cd3f78f74b82a20\"><h4 class=\"fusion-tab-heading\">A1<\/h4><\/a><\/li><\/ul><\/div><div class=\"tab-pane fade fusion-clearfix\" role=\"tabpanel\" tabindex=\"0\" aria-labelledby=\"fusion-tab-a1\" id=\"tab-1406cd3f78f74b82a20\">\n<p><strong><a href=\"https:\/\/spanishschoolsantabarbara.com\/wp-content\/uploads\/2024\/09\/PROGRAMACION-CURSO-PRE-A1-CURSO-A1.1.-y-CURSO-A1.2.pdf\" target=\"_blank\" rel=\"noopener\">COURS DE PROGRAMMATION PRE A1, COURS A1.1 et COURS A1.2 <\/a><\/strong><\/p>\n<\/div><div class=\"nav fusion-mobile-tab-nav\"><ul class=\"nav-tabs nav-justified\" role=\"tablist\"><li role=\"presentation\"><a class=\"tab-link\" data-toggle=\"tab\" role=\"tab\" aria-controls=\"tab-a7029549846464a52e5\" aria-selected=\"false\" tabindex=\"-1\" id=\"mobile-fusion-tab-a2\" href=\"#tab-a7029549846464a52e5\"><h4 class=\"fusion-tab-heading\">A2<\/h4><\/a><\/li><\/ul><\/div><div class=\"tab-pane fade fusion-clearfix\" role=\"tabpanel\" tabindex=\"0\" aria-labelledby=\"fusion-tab-a2\" id=\"tab-a7029549846464a52e5\">\n<p><strong><a href=\"https:\/\/spanishschoolsantabarbara.com\/wp-content\/uploads\/2024\/09\/PROGRAMACION-CURSO-A2.1.-Y-CURSO-A2.2.-.pdf\" target=\"_blank\" rel=\"noopener\">COURS DE PROGRAMMATION A2.1. Y COURS A2.2.<\/a><\/strong><\/p>\n<\/div><div class=\"nav fusion-mobile-tab-nav\"><ul class=\"nav-tabs nav-justified\" role=\"tablist\"><li role=\"presentation\"><a class=\"tab-link\" data-toggle=\"tab\" role=\"tab\" aria-controls=\"tab-9a82d653f669ab32821\" aria-selected=\"false\" tabindex=\"-1\" id=\"mobile-fusion-tab-b1\" href=\"#tab-9a82d653f669ab32821\"><h4 class=\"fusion-tab-heading\">B1<\/h4><\/a><\/li><\/ul><\/div><div class=\"tab-pane fade fusion-clearfix\" role=\"tabpanel\" tabindex=\"0\" aria-labelledby=\"fusion-tab-b1\" id=\"tab-9a82d653f669ab32821\">\n<table style=\"height: 471px;\" width=\"818\">\n<tbody>\n<tr>\n<td valign=\"top\" width=\"201\">\n<h4><strong>Contenu fonctionnel  <\/strong><\/h4>\n<\/td>\n<td valign=\"top\" width=\"201\">\n<h4><strong>Contenu grammatical  <\/strong><\/h4>\n<\/td>\n<td valign=\"top\" width=\"201\">\n<h4><strong>Contenu lexical  <\/strong><\/h4>\n<\/td>\n<\/tr>\n<tr>\n<td valign=\"top\" width=\"201\">\n<ul>\n<li><strong> <\/strong>Racontez vos exp\u00e9riences pass\u00e9es.<\/li>\n<li>Parlez de vos projets futurs.<\/li>\n<li>Exprimez vos conditions et vos souhaits.<\/li>\n<li>Donner des conseils et faire des suggestions.<\/li>\n<li>Expliquez les causes et les cons\u00e9quences.<\/li>\n<\/ul>\n<\/td>\n<td valign=\"top\" width=\"201\">\n<ul>\n<li><strong> <\/strong>Futur simple et conditionnel.<\/li>\n<li>Subjonctif dans les propositions subordonn\u00e9es.<\/li>\n<li>Clauses relatives.<\/li>\n<li>Style indirect.<\/li>\n<\/ul>\n<\/td>\n<td valign=\"top\" width=\"201\">\n<ul>\n<li><strong> <\/strong>Vocabulaire li\u00e9 \u00e0 la sant\u00e9, \u00e0 la technologie, aux voyages, aux m\u00e9dias et aux c\u00e9l\u00e9brations.<\/li>\n<\/ul>\n<\/td>\n<\/tr>\n<\/tbody>\n<\/table>\n<\/div><div class=\"nav fusion-mobile-tab-nav\"><ul class=\"nav-tabs nav-justified\" role=\"tablist\"><li role=\"presentation\"><a class=\"tab-link\" data-toggle=\"tab\" role=\"tab\" aria-controls=\"tab-aa4263500b2bf462441\" aria-selected=\"false\" tabindex=\"-1\" id=\"mobile-fusion-tab-b2\" href=\"#tab-aa4263500b2bf462441\"><h4 class=\"fusion-tab-heading\">B2<\/h4><\/a><\/li><\/ul><\/div><div class=\"tab-pane fade fusion-clearfix\" role=\"tabpanel\" tabindex=\"0\" aria-labelledby=\"fusion-tab-b2\" id=\"tab-aa4263500b2bf462441\">\n<table style=\"height: 471px;\" width=\"818\">\n<tbody>\n<tr>\n<td valign=\"top\" width=\"201\">\n<h4><strong>Contenu fonctionnel<\/strong><\/h4>\n<\/td>\n<td valign=\"top\" width=\"201\">\n<h4><strong>Contenu grammatical<\/strong><\/h4>\n<\/td>\n<td valign=\"top\" width=\"201\">\n<h4><strong>Contenu lexical<\/strong><\/h4>\n<\/td>\n<\/tr>\n<tr>\n<td valign=\"top\" width=\"201\">\n<ul>\n<li><strong> <\/strong>Discutez des questions d&rsquo;actualit\u00e9.<\/li>\n<li>Exprimer ses opinions de mani\u00e8re nuanc\u00e9e.<\/li>\n<li>D\u00e9bat et argumentation.<\/li>\n<li>R\u00e9diger des textes complexes.<\/li>\n<li>Exprimez des hypoth\u00e8ses.<\/li>\n<\/ul>\n<\/td>\n<td valign=\"top\" width=\"201\">\n<ul>\n<li><strong> <\/strong>Subjonctif \u00e0 tous les temps.<\/li>\n<li>P\u00e9riphrases verbales.<\/li>\n<li>Passive et impersonnelle.<\/li>\n<li>Utilisation de connecteurs de discours.<\/li>\n<\/ul>\n<\/td>\n<td valign=\"top\" width=\"201\">\n<ul>\n<li><strong> <\/strong>Vocabulaire avanc\u00e9 li\u00e9 \u00e0 l&rsquo;environnement, \u00e0 la politique, \u00e0 l&rsquo;\u00e9conomie, \u00e0 la culture et \u00e0 la science.<\/li>\n<\/ul>\n<\/td>\n<\/tr>\n<\/tbody>\n<\/table>\n<\/div><div class=\"nav fusion-mobile-tab-nav\"><ul class=\"nav-tabs nav-justified\" role=\"tablist\"><li role=\"presentation\"><a class=\"tab-link\" data-toggle=\"tab\" role=\"tab\" aria-controls=\"tab-9eb3a919ca5f461a48e\" aria-selected=\"false\" tabindex=\"-1\" id=\"mobile-fusion-tab-c1\" href=\"#tab-9eb3a919ca5f461a48e\"><h4 class=\"fusion-tab-heading\">C1<\/h4><\/a><\/li><\/ul><\/div><div class=\"tab-pane fade fusion-clearfix\" role=\"tabpanel\" tabindex=\"0\" aria-labelledby=\"fusion-tab-c1\" id=\"tab-9eb3a919ca5f461a48e\">\n<table style=\"height: 471px;\" width=\"818\">\n<tbody>\n<tr>\n<td valign=\"top\" width=\"201\">\n<h4><strong>Contenu fonctionnel  <\/strong><\/h4>\n<\/td>\n<td valign=\"top\" width=\"201\">\n<h4><strong>Contenu grammatical  <\/strong><\/h4>\n<\/td>\n<td valign=\"top\" width=\"201\">\n<h4><strong>Contenu lexical  <\/strong><\/h4>\n<\/td>\n<\/tr>\n<tr>\n<td valign=\"top\" width=\"201\">\n<ul>\n<li><strong> <\/strong>Participez \u00e0 des discussions formelles et informelles.<\/li>\n<li>D\u00e9fendre des points de vue complexes.<\/li>\n<li>G\u00e9rer les registres de langue en fonction du contexte.<\/li>\n<li>Interpr\u00e9ter les nuances de sens.<\/li>\n<li>R\u00e9diger des textes formels et informels avec pr\u00e9cision.<\/li>\n<\/ul>\n<\/td>\n<td valign=\"top\" width=\"201\">\n<ul>\n<li><strong> <\/strong>Subjonctif dans les usages avanc\u00e9s et sp\u00e9cifiques.<\/li>\n<li>Concordance verbale complexe.<\/li>\n<li>Phrases conditionnelles avanc\u00e9es.<\/li>\n<li>Utilisation d&rsquo;expressions idiomatiques.<\/li>\n<\/ul>\n<\/td>\n<td valign=\"top\" width=\"201\">\n<ul>\n<li><strong> <\/strong>Vocabulaire sp\u00e9cialis\u00e9 dans divers domaines tels que le droit, la litt\u00e9rature, la philosophie et la psychologie.<\/li>\n<\/ul>\n<\/td>\n<\/tr>\n<\/tbody>\n<\/table>\n<\/div><div class=\"nav fusion-mobile-tab-nav\"><ul class=\"nav-tabs nav-justified\" role=\"tablist\"><li role=\"presentation\"><a class=\"tab-link\" data-toggle=\"tab\" role=\"tab\" aria-controls=\"tab-b51ae45646b569cc4fc\" aria-selected=\"false\" tabindex=\"-1\" id=\"mobile-fusion-tab-c2\" href=\"#tab-b51ae45646b569cc4fc\"><h4 class=\"fusion-tab-heading\">C2<\/h4><\/a><\/li><\/ul><\/div><div class=\"tab-pane fade fusion-clearfix\" role=\"tabpanel\" tabindex=\"0\" aria-labelledby=\"fusion-tab-c2\" id=\"tab-b51ae45646b569cc4fc\">\n<table style=\"height: 471px;\" width=\"818\">\n<tbody>\n<tr>\n<td valign=\"top\" width=\"201\">\n<h4><strong>Contenu fonctionnel<\/strong><\/h4>\n<\/td>\n<td valign=\"top\" width=\"201\">\n<h4><strong>Contenu grammatical<\/strong><\/h4>\n<\/td>\n<td valign=\"top\" width=\"201\">\n<h4><strong>Contenu lexical<\/strong><\/h4>\n<\/td>\n<\/tr>\n<tr>\n<td valign=\"top\" width=\"201\">\n<ul>\n<li>R\u00e9agir \u00e0 une \u0153uvre d&rsquo;art et faire l&rsquo;\u00e9loge d&rsquo;un artiste<\/li>\n<li>Exprimer ses pr\u00e9f\u00e9rences, ses aversions et ses appr\u00e9ciations<\/li>\n<li>Fortement recommand\u00e9 ou fortement d\u00e9conseill\u00e9<\/li>\n<li>Exposer les causes d&rsquo;un ph\u00e9nom\u00e8ne social<\/li>\n<li>Exprimer la surprise, l&rsquo;\u00e9tranget\u00e9 et les v\u0153ux pieux<\/li>\n<li>Exprimez votre certitude ou votre absence de certitude.<\/li>\n<li>R\u00e9futez \u00e0 l&rsquo;aide de statistiques.<\/li>\n<li>D\u00e9crire et \u00e9valuer les innovations et d\u00e9couvertes scientifiques et techniques.<\/li>\n<li>R\u00e9pondre par l&rsquo;affirmative \u00e0 une demande et refuser de s&rsquo;y conformer.<\/li>\n<li>\u00c9tablir des relations d&rsquo;ant\u00e9riorit\u00e9, de simultan\u00e9it\u00e9 et de post\u00e9riorit\u00e9.<\/li>\n<\/ul>\n<\/td>\n<td valign=\"top\" width=\"201\">\n<ul>\n<li>Valeurs du pronom <em>se.<\/em><\/li>\n<li>Connecteurs et marqueurs argumentatifs<\/li>\n<li>Contraste de l&rsquo;indicatif et du subjonctif dans l&rsquo;expression de la certitude.<\/li>\n<li>Pr\u00e9fixation et suffixation<\/li>\n<li>Marqueurs de preuve<\/li>\n<li>L&rsquo;utilisation de l&rsquo;imparfait dans les r\u00e9cits<\/li>\n<li>Niveaux de langue et registres de discours<\/li>\n<\/ul>\n<\/td>\n<td valign=\"top\" width=\"201\">\n<ul>\n<li>l&rsquo;art<\/li>\n<li>la r\u00e9ussite et l&rsquo;\u00e9chec<\/li>\n<li>neurosciences<\/li>\n<li>les genres litt\u00e9raires<\/li>\n<li>langage corporel<\/li>\n<li>les r\u00e9seaux sociaux<\/li>\n<li>les formes de gouvernement et les institutions<\/li>\n<li>L&rsquo;histoire<\/li>\n<\/ul>\n<\/td>\n<\/tr>\n<\/tbody>\n<\/table>\n<\/div><\/div><\/div><\/div><\/div><\/div><\/div>\n","protected":false},"excerpt":{"rendered":"<ul>\n<li>Le <strong>cours comprend : <\/strong>20 heures par semaine.<\/li>\n<li><span style=\"color: #000000;\"><strong>Date de d\u00e9but:<\/strong> Tous les lundis toute l&rsquo;ann\u00e9e.<\/span><\/li>\n<li><strong>Petites classes* : <\/strong>Moyenne de 7 \u00e9l\u00e8ves <strong>(Minimum 3 \u00e9l\u00e8ves &#8211; Maximum 12 \u00e9l\u00e8ves par classe)*.<\/strong><\/li>\n<li><strong>Interruption du cours : 1 <\/strong>semaine pour chaque 8 semaines de cours. Il est n\u00e9cessaire de pr\u00e9venir 4 semaines \u00e0 l&rsquo;avance.<\/li>\n<li><strong>Inscription obligatoire: 50 \u20ac *<\/strong><\/li>\n<li>Livre de l&rsquo;\u00e9l\u00e8ve et cahier d&rsquo;exercices 35 \u20ac* (tous niveaux). <strong>\u00ab\u00a0Non inclus dans le cours. Doit \u00eatre achet\u00e9 au moment de l&rsquo;inscription\u00a0\u00bb.<\/strong><\/li>\n<\/ul>\n<p style=\"text-align: justify;\">Les frais de scolarit\u00e9 et les livres seront automatiquement d\u00e9bit\u00e9s de votre achat et ajout\u00e9s au prix du cours en fonction des semaines choisies.<\/p>\n<ul>\n<li><strong>\u00c9tapes \u00e0 suivre pour commander:<\/strong><\/li>\n<\/ul>\n<ol>\n<li>Choisissez le nombre de semaines du cours.<\/li>\n<li>Choisissez la date de d\u00e9but du cours. <span style=\"color: #000000;\"><strong>Choisissez dans la section D\u00e9but le lundi correspondant \u00e0 la semaine o\u00f9 vous voulez que votre cours commence.<\/strong><\/span><\/li>\n<li>V\u00e9rifiez le montant de votre cours et ajoutez votre achat au panier en cliquant sur le bouton.<\/li>\n<li>Vous pouvez maintenant acc\u00e9der \u00e0 votre commande et terminer le processus d&rsquo;achat.<\/li>\n<\/ol>\n<p style=\"text-align: justify;\"><span style=\"color: #000000;\"><strong>Remarque: Lorsque vous choisissez le d\u00e9but du cours, n&rsquo;oubliez pas qu&rsquo;il doit commencer le lundi. <\/strong><\/span><\/p>\n","protected":false},"featured_media":13043,"template":"","meta":[],"product_brand":[],"product_cat":[47],"product_tag":[117,137],"class_list":{"0":"post-2003","1":"product","2":"type-product","3":"status-publish","4":"has-post-thumbnail","6":"product_cat-cours-despagnol-general","7":"product_tag-cours-intensif","8":"product_tag-cours-intensif-despagnol","10":"first","11":"instock","12":"featured","13":"shipping-taxable","14":"purchasable","15":"product-type-variable"},"_links":{"self":[{"href":"https:\/\/spanishschoolsantabarbara.com\/fr\/wp-json\/wp\/v2\/product\/2003","targetHints":{"allow":["GET"]}}],"collection":[{"href":"https:\/\/spanishschoolsantabarbara.com\/fr\/wp-json\/wp\/v2\/product"}],"about":[{"href":"https:\/\/spanishschoolsantabarbara.com\/fr\/wp-json\/wp\/v2\/types\/product"}],"wp:featuredmedia":[{"embeddable":true,"href":"https:\/\/spanishschoolsantabarbara.com\/fr\/wp-json\/wp\/v2\/media\/13043"}],"wp:attachment":[{"href":"https:\/\/spanishschoolsantabarbara.com\/fr\/wp-json\/wp\/v2\/media?parent=2003"}],"wp:term":[{"taxonomy":"product_brand","embeddable":true,"href":"https:\/\/spanishschoolsantabarbara.com\/fr\/wp-json\/wp\/v2\/product_brand?post=2003"},{"taxonomy":"product_cat","embeddable":true,"href":"https:\/\/spanishschoolsantabarbara.com\/fr\/wp-json\/wp\/v2\/product_cat?post=2003"},{"taxonomy":"product_tag","embeddable":true,"href":"https:\/\/spanishschoolsantabarbara.com\/fr\/wp-json\/wp\/v2\/product_tag?post=2003"}],"curies":[{"name":"wp","href":"https:\/\/api.w.org\/{rel}","templated":true}]}}