{"id":2183,"date":"2016-06-15T11:59:04","date_gmt":"2016-06-15T09:59:04","guid":{"rendered":"http:\/\/spanishschoolsantabarbara.com\/product\/pack-prisma\/"},"modified":"2021-01-11T18:36:47","modified_gmt":"2021-01-11T17:36:47","slug":"pack-livres","status":"publish","type":"product","link":"https:\/\/spanishschoolsantabarbara.com\/fr\/pack-livres\/","title":{"rendered":"Pack de livres"},"content":{"rendered":"<p>Le nouveau PRISMA est un manuel espagnol structur\u00e9 en six niveaux:<strong> A1, A2, B1, B2, C1 et C2<\/strong> , tel que propos\u00e9 dans le Cadre europ\u00e9en commun de r\u00e9f\u00e9rence pour les langues (CECR) et selon le contenu propos\u00e9 par le plan curriculaire du<a href=\"https:\/\/examenes.cervantes.es\/es\/dele\/donde?country=es&amp;field_region_value=857&amp;field_province_value=4005&amp;field_fecha_examen_value=all&amp;field_tipo_de_examen_value=&amp;keys=Escuela+de+Espa%C3%B1ol+Santa+B%C3%A1rbara\" target=\"_blank\" rel=\"noopener\"><strong> Institut Cervantes<\/strong><\/a> . Niveaux de r\u00e9f\u00e9rence pour l&rsquo;espagnol (PCIC). Le nouveau PRISMA est d\u00e9velopp\u00e9 selon une approche communicative, orient\u00e9e vers l&rsquo;action et centr\u00e9e sur l&rsquo;\u00e9tudiant, afin de promouvoir l&rsquo;apprentissage de la langue pour la communication en espagnol \u00e0 l&rsquo;int\u00e9rieur et \u00e0 l&rsquo;ext\u00e9rieur de la classe. Cette approche consid\u00e8re l&rsquo;\u00e9tudiant comme un agent social qui doit r\u00e9aliser des t\u00e2ches et des actions dans divers contextes socioculturels, en mobilisant ses ressources cognitives et affectives. Dans le nouveau PRISMA, une attention particuli\u00e8re est accord\u00e9e au d\u00e9veloppement de strat\u00e9gies d&rsquo;apprentissage et de communication qui aident l&rsquo;\u00e9l\u00e8ve \u00e0 r\u00e9fl\u00e9chir \u00e0 son processus d&rsquo;apprentissage. Les activit\u00e9s de travail coop\u00e9ratif sont incluses dans les unit\u00e9s didactiques du Nouveau PRISMA, afin que les \u00e9tudiants travaillent ensemble \u00e0 la r\u00e9alisation de t\u00e2ches optimisant leur propre apprentissage et celui des autres membres du groupe; La r\u00e9flexion interculturelle ou l&rsquo;approfondissement de divers aspects de la culture du monde hispanique sont \u00e9galement travaill\u00e9s. Enfin, \u00e0 la fin de chaque ouvrage, est reproduite la dynamique de l&rsquo;examen DELE (Dipl\u00f4me d&rsquo;Espagnol Langue Etrang\u00e8re, de l&rsquo;Institut Cervantes), qui sert \u00e0 la fois \u00e0 \u00e9valuer les connaissances acquises par les \u00e9tudiants \u00e0 la fin du livre et \u00e0 la formation au particularit\u00e9s dudit examen.<\/p>\n","protected":false},"excerpt":{"rendered":"<p>Le livre Nuevo PRISMA est obligatoire pour certains cours propos\u00e9s par l&rsquo;\u00e9cole d&rsquo;espagnol de Santa B\u00e1rbara.<\/p>\n<p>Lors de l&rsquo;achat de tout cours o\u00f9 le livre New Prism est n\u00e9cessaire,<strong> celui-ci sera factur\u00e9 automatiquement lors de la commande du cours<\/strong> .<\/p>\n<p>Il n&rsquo;est pas n\u00e9cessaire que vous en fassiez l&rsquo;achat individuel, \u00e0 moins que pour des raisons particuli\u00e8res vous en ayez besoin, telles que d\u00e9t\u00e9rioration, perte de mat\u00e9riel, etc.<\/p>\n","protected":false},"featured_media":3637,"template":"","meta":[],"product_brand":[],"product_cat":[2336],"product_tag":[],"class_list":{"0":"post-2183","1":"product","2":"type-product","3":"status-publish","4":"has-post-thumbnail","6":"product_cat-frais-de-scolarite-et-manuels","8":"first","9":"instock","10":"virtual","11":"sold-individually","12":"purchasable","13":"product-type-simple"},"_links":{"self":[{"href":"https:\/\/spanishschoolsantabarbara.com\/fr\/wp-json\/wp\/v2\/product\/2183","targetHints":{"allow":["GET"]}}],"collection":[{"href":"https:\/\/spanishschoolsantabarbara.com\/fr\/wp-json\/wp\/v2\/product"}],"about":[{"href":"https:\/\/spanishschoolsantabarbara.com\/fr\/wp-json\/wp\/v2\/types\/product"}],"wp:featuredmedia":[{"embeddable":true,"href":"https:\/\/spanishschoolsantabarbara.com\/fr\/wp-json\/wp\/v2\/media\/3637"}],"wp:attachment":[{"href":"https:\/\/spanishschoolsantabarbara.com\/fr\/wp-json\/wp\/v2\/media?parent=2183"}],"wp:term":[{"taxonomy":"product_brand","embeddable":true,"href":"https:\/\/spanishschoolsantabarbara.com\/fr\/wp-json\/wp\/v2\/product_brand?post=2183"},{"taxonomy":"product_cat","embeddable":true,"href":"https:\/\/spanishschoolsantabarbara.com\/fr\/wp-json\/wp\/v2\/product_cat?post=2183"},{"taxonomy":"product_tag","embeddable":true,"href":"https:\/\/spanishschoolsantabarbara.com\/fr\/wp-json\/wp\/v2\/product_tag?post=2183"}],"curies":[{"name":"wp","href":"https:\/\/api.w.org\/{rel}","templated":true}]}}